{"id":3,"date":"2022-05-13T08:50:28","date_gmt":"2022-05-13T06:50:28","guid":{"rendered":"https:\/\/legality.ro\/ro\/?page_id=3"},"modified":"2022-11-08T20:55:30","modified_gmt":"2022-11-08T17:55:30","slug":"privacy-policy","status":"publish","type":"page","link":"https:\/\/legality.ro\/ro\/privacy-policy\/","title":{"rendered":"Politica de Confiden\u021bialitate"},"content":{"rendered":"\n[et_pb_section fb_built=&#8221;1&#8243; _builder_version=&#8221;4.17.6&#8243; _module_preset=&#8221;default&#8221; background_color=&#8221;#704a72&#8243; background_enable_image=&#8221;off&#8221; parallax=&#8221;on&#8221; background_blend=&#8221;multiply&#8221; custom_padding=&#8221;44px||40px|||&#8221; background_color_phone=&#8221;rgba(0,0,0,0.53)&#8221; background_enable_color_phone=&#8221;on&#8221; background_image_phone=&#8221;https:\/\/legality.ro\/ro\/wp-content\/uploads\/2022\/07\/businessman.jpg&#8221; background_enable_image_phone=&#8221;on&#8221; parallax_tablet=&#8221;off&#8221; parallax_phone=&#8221;off&#8221; background_size_tablet=&#8221;cover&#8221; background_size_phone=&#8221;cover&#8221; background_position_tablet=&#8221;top_left&#8221; background_position_phone=&#8221;bottom_left&#8221; background_horizontal_offset_tablet=&#8221;71%&#8221; background_blend_phone=&#8221;overlay&#8221; da_disable_devices=&#8221;off|off|off&#8221; locked=&#8221;off&#8221; global_colors_info=&#8221;{}&#8221; da_is_popup=&#8221;off&#8221; da_exit_intent=&#8221;off&#8221; da_has_close=&#8221;on&#8221; da_alt_close=&#8221;off&#8221; da_dark_close=&#8221;off&#8221; da_not_modal=&#8221;on&#8221; da_is_singular=&#8221;off&#8221; da_with_loader=&#8221;off&#8221; da_has_shadow=&#8221;on&#8221;][et_pb_row _builder_version=&#8221;4.17.6&#8243; _module_preset=&#8221;default&#8221; module_alignment=&#8221;center&#8221; custom_padding=&#8221;||17px|||&#8221; global_colors_info=&#8221;{}&#8221;][et_pb_column type=&#8221;4_4&#8243; _builder_version=&#8221;4.17.4&#8243; _module_preset=&#8221;default&#8221; global_colors_info=&#8221;{}&#8221;][et_pb_text _builder_version=&#8221;4.17.6&#8243; _module_preset=&#8221;default&#8221; text_font=&#8221;Montserrat|300|||||||&#8221; text_text_color=&#8221;#FFFFFF&#8221; text_font_size=&#8221;38px&#8221; text_letter_spacing=&#8221;2px&#8221; text_line_height=&#8221;1.3em&#8221; text_orientation=&#8221;center&#8221; module_alignment=&#8221;center&#8221; custom_margin_tablet=&#8221;&#8221; custom_margin_phone=&#8221;&#8221; custom_margin_last_edited=&#8221;on|desktop&#8221; animation_style=&#8221;fade&#8221; text_text_color_tablet=&#8221;#FFFFFF&#8221; text_text_color_phone=&#8221;#FFFFFF&#8221; text_text_color_last_edited=&#8221;on|phone&#8221; global_colors_info=&#8221;{}&#8221; custom_padding__hover_enabled=&#8221;on|desktop&#8221;]<p>Politica de Confiden\u021bialitate<\/p>[\/et_pb_text][\/et_pb_column][\/et_pb_row][\/et_pb_section][et_pb_section fb_built=&#8221;1&#8243; _builder_version=&#8221;4.17.6&#8243; _module_preset=&#8221;default&#8221; custom_padding=&#8221;42px|||||&#8221; da_disable_devices=&#8221;off|off|off&#8221; global_colors_info=&#8221;{}&#8221; da_is_popup=&#8221;off&#8221; da_exit_intent=&#8221;off&#8221; da_has_close=&#8221;on&#8221; da_alt_close=&#8221;off&#8221; da_dark_close=&#8221;off&#8221; da_not_modal=&#8221;on&#8221; da_is_singular=&#8221;off&#8221; da_with_loader=&#8221;off&#8221; da_has_shadow=&#8221;on&#8221;][et_pb_row _builder_version=&#8221;4.17.6&#8243; _module_preset=&#8221;default&#8221; width=&#8221;90%&#8221; max_width=&#8221;100%&#8221; custom_margin=&#8221;-4px|auto||auto||&#8221; custom_padding=&#8221;13px||6px|||&#8221; global_colors_info=&#8221;{}&#8221;][et_pb_column type=&#8221;4_4&#8243; _builder_version=&#8221;4.17.6&#8243; _module_preset=&#8221;default&#8221; background_color=&#8221;#FFFFFF&#8221; global_colors_info=&#8221;{}&#8221;][et_pb_text _builder_version=&#8221;4.17.6&#8243; _module_preset=&#8221;default&#8221; text_font=&#8221;Montserrat||||||||&#8221; global_colors_info=&#8221;{}&#8221;]<blockquote><\/blockquote>\n<p><strong>Confiden\u021bialitatea dumneavoastr\u0103 este foarte important\u0103 pentru noi \u0219i p\u0103strarea acesteia este un angajament ferm din partea noastr\u0103.<\/strong><\/p>\n<p>&nbsp;<\/p>\n<p>Prin urmare, avem cea mai mare grij\u0103 s\u0103 prelucr\u0103m datele dumneavoastr\u0103 cu caracter personal \u00een conformitate cu principiile stabilite \u00een legisla\u021bia privind protec\u021bia datelor aplicabil\u0103 \u00een Rom\u00e2nia, inclusiv Regulamentul (UE) 2016\/679 privind protec\u021bia persoanelor fizice \u00een ceea ce prive\u0219te prelucrarea datelor cu caracter personal. \u0219i privind libera circula\u021bie a acestor date \u0219i de abrogare a Directivei 95\/46\/CE (&#8220;GDPR&#8221;). Datele cu caracter personal sunt orice informa\u021bie referitoare la o persoan\u0103 fizic\u0103 identificat\u0103 sau identificabil\u0103, iar o persoan\u0103 identificabil\u0103 este acea persoan\u0103 care poate fi identificat\u0103 direct sau indirect, \u00een special prin referire la un num\u0103r de identificare sau la unul sau mai mul\u021bi factori specifici fizic, psihologic, mental, it, identitate economic\u0103, cultural\u0103 sau social\u0103.<\/p>\n<p>&nbsp;<\/p>\n<p>Aceast\u0103 politic\u0103 de confiden\u021bialitate se refer\u0103 la datele personale ale clien\u021bilor no\u0219tri, partenerilor de afaceri, altor persoane care ne contacteaz\u0103 \u0219i ne viziteaz\u0103 \u0219i reprezentan\u021bii acestora, poten\u021bialii angaja\u021bi, stagiari, asocia\u021bi \u0219i se aplic\u0103 \u0219i datelor colectate prin intermediul site-ului nostru, www .legality.ro\/ro. \u00een ceea ce prive\u0219te toate celelalte date personale pe care le colect\u0103m prin e-mail sau alte contacte offline. Politica de confiden\u021bialitate descrie:<\/p>\n<p>&nbsp;<\/p>\n<ul>\n<li>categoriile de date personale pe care le colect\u0103m de la dumneavoastr\u0103 \u0219i le proces\u0103m<\/li>\n<li>scopurile pentru care colect\u0103m \u0219i folosim datele dumneavoastr\u0103 cu caracter personal<\/li>\n<li>motivele prelucr\u0103rii \u00een astfel de scopuri<\/li>\n<li>durata prelucr\u0103rii acestor date<\/li>\n<li>drepturile dumneavoastr\u0103 \u00een calitate de persoane vizate \u0219i modul \u00een care le pute\u021bi exercita<\/li>\n<li>c\u0103rora le putem dezv\u0103lui datele dumneavoastr\u0103 cu caracter personal.<\/li>\n<\/ul>\n<p>&nbsp;<\/p>\n<p><strong>Scopul, motivele prelucr\u0103rii \u0219i categoriile de date cu caracter personal<\/strong><\/p>\n<p>&nbsp;<\/p>\n<p>\u00cen contextul interac\u021biunii dvs. cu\u00a0LEGALITY, este posibil s\u0103 face\u021bi obiectul activit\u0103\u021bilor de prelucrare a datelor pe care le desf\u0103\u0219ur\u0103m. Astfel, folosim datele dumneavoastr\u0103 cu caracter personal \u00een urm\u0103toarele cazuri:<\/p>\n<p>&nbsp;<\/p>\n<ol>\n<li>a) dac\u0103 sunte\u021bi client sau poten\u021bial client<\/li>\n<li>b) dac\u0103 sunte\u021bi reprezentantul unui client sau poten\u021bial client al\u00a0LEGALITY<\/li>\n<li>c) dac\u0103 sunte\u021bi angajat sau alt colaborator al unui client al\u00a0LEGALITY<\/li>\n<li>d) dac\u0103 sunte\u021bi partener de afaceri al\u00a0LEGALITY<\/li>\n<li>e) dac\u0103 sunte\u021bi utilizator al site-ului nostru web<\/li>\n<\/ol>\n<p>&nbsp;<\/p>\n<p>Scopuri, temeiuri de prelucrare \u0219i categorii de date cu caracter personal<\/p>\n<p>&nbsp;<\/p>\n<p>\u00cen contextul interac\u021biunii dvs. cu\u00a0LEGALITY, dumneavoastr\u0103, ca persoan\u0103 fizic\u0103, pute\u021bi face obiectul activit\u0103\u021bilor de prelucrare a datelor pe care le desf\u0103\u0219ur\u0103m. Astfel, datele dumneavoastr\u0103 cu caracter personal vor fi folosite dac\u0103 sunte\u021bi client sau poten\u021bial client al\u00a0LEGALITY, \u00een func\u021bie de zona de servicii acoperit\u0103 de\u00a0LEGALITY.<\/p>\n<p>&nbsp;<\/p>\n<p><strong>Utiliz\u0103m datele dumneavoastr\u0103 personale relevante \u00een scopul preg\u0103tirii \u0219i furniz\u0103rii serviciilor solicitate.<\/strong><\/p>\n<p>&nbsp;<\/p>\n<p>De exemplu, este posibil s\u0103 fie nevoie s\u0103 folosim datele dumneavoastr\u0103 personale relevante pentru cazul dumneavoastr\u0103 \u00een scopul preg\u0103tirii materialelor necesare \u00een procedurile judiciare \u0219i arbitrale.<\/p>\n<p>&nbsp;<\/p>\n<p>\u00cen acest caz, baza pentru prelucrarea datelor cu caracter personal este executarea contractului nostru.<\/p>\n<p>&nbsp;<\/p>\n<p><strong>Comunicarea<\/strong><\/p>\n<p>Utiliz\u0103m datele dumneavoastr\u0103 de contact \u00een scopul de a comunica cu dumneavoastr\u0103 cu privire la orice aspecte relevante privind domeniul de activitate vizat.<\/p>\n<p>&nbsp;<\/p>\n<p>De asemenea, \u00een acest caz, baza prelucr\u0103rii datelor cu caracter personal este reprezentat\u0103 de executarea contractului nostru.<\/p>\n<p>&nbsp;<\/p>\n<p><strong>Prelucrarea datelor cu caracter personal ca obliga\u021bie legal\u0103<\/strong><\/p>\n<p>&nbsp;<\/p>\n<p>Putem prelucra anumite date cu caracter personal \u00een contextul furniz\u0103rii de servicii, pe baza obliga\u021biilor legale sau a obliga\u021biilor impuse personalului\u00a0LEGALITY\u00a0prin legi speciale.<\/p>\n<p>&nbsp;<\/p>\n<p>Categoriile de date prelucrate \u00een contextul interac\u021biunii noastre cu dvs. sunt numele dvs., adresa de e-mail, num\u0103rul dvs. de telefon, num\u0103rul de fax, adresa, precum \u0219i alte date personale pe care ni le pute\u021bi comunica direct, cum sunt necesare pentru pentru atingerea scopurilor.<\/p>\n<p>&nbsp;<\/p>\n<p><strong>\u00cen acest caz, baza prelucr\u0103rii este reprezentat\u0103 de obliga\u021bia legal\u0103.<\/strong><\/p>\n<p>&nbsp;<\/p>\n<p><strong>Trimiterea de note informative \u00een domeniile de interes pentru dvs.<\/strong><\/p>\n<p>De asemenea, putem folosi datele dumneavoastr\u0103 de contact \u00een scopul de a v\u0103 trimite, \u00een format electronic, notele noastre informative de specialitate privind modific\u0103rile legisla\u021biei, jurispruden\u021bei \u0219i practicii autorit\u0103\u021bilor, dar numai dac\u0103 v-a\u021bi abonat \u0219i, prin urmare, a\u021bi consim\u021bit \u00een mod expres la aceast\u0103 prelucrare.<\/p>\n<p>&nbsp;<\/p>\n<p>Categoriile de date prelucrate \u00een contextul interac\u021biunii noastre cu dumneavoastr\u0103 sunt numele dumneavoastr\u0103, adresa de e-mail, num\u0103rul de telefon, num\u0103rul de fax, adresa, precum \u0219i alte date personale pe care ni le pute\u021bi comunica direct.<\/p>\n<p>&nbsp;<\/p>\n<p>\u00cen acest caz, baza prelucr\u0103rii este consim\u021b\u0103m\u00e2ntul dumneavoastr\u0103 expres.<\/p>\n<p>&nbsp;<\/p>\n<p>V\u0103 pute\u021bi retrage oric\u00e2nd consim\u021b\u0103m\u00e2ntul exprim\u00e2ndu-v\u0103 op\u021biunea de a nu primi buletine informative viitoare f\u0103c\u00e2nd clic pe linkul \u201eDezabonare\u201d atunci c\u00e2nd primi\u021bi acel e-mail sau scriindu-ne la\u00a0privacy@legality.ro\/ro<\/p>\n<p>&nbsp;<\/p>\n<p><strong>Furnizarea datelor cu caracter personal<\/strong><\/p>\n<p>&nbsp;<\/p>\n<p>\u00cen cazul \u00een care datele personale trebuie comunicate direct de c\u0103tre dumneavoastr\u0103, v\u0103 rug\u0103m s\u0103 furniza\u021bi toate categoriile de date cu caracter personal solicitate \u00een scopurile de mai sus. \u00cen caz contrar, nu vom putea s\u0103 ne desf\u0103\u0219ur\u0103m activitatea \u0219i s\u0103 v\u0103 oferim servicii.<\/p>\n<p>&nbsp;<\/p>\n<p>Dac\u0103 furniza\u021bi\u00a0LEGALITY\u00a0date cu caracter personal ale altor persoane fizice, v\u0103 rug\u0103m s\u0103 le informa\u021bi, \u00eenainte de a dezv\u0103lui datele, despre modul \u00een care\u00a0LEGALITY\u00a0inten\u021bioneaz\u0103 s\u0103 le prelucreze datele, conform prezentei Politici de protec\u021bie a datelor cu caracter personal.<\/p>\n<p><strong>Dezv\u0103luirea datelor personale<\/strong><\/p>\n<p>De\u0219i, ca regul\u0103 general\u0103, nu vom dezv\u0103lui datele dumneavoastr\u0103 cu caracter personal c\u0103tre ter\u021bi, putem:<\/p>\n<ul>\n<li>dezv\u0103lui\u021bi datele dvs. de contact afilia\u021bilor\u00a0LEGALITY\u00a0, partenerilor contractuali \u0219i furnizorilor de servicii\u00a0LEGALITY\u00a0(inclusiv proxy);<\/li>\n<li>dezv\u0103luim date personale relevante instan\u021belor\/comisiilor de arbitraj sau autorit\u0103\u021bilor competente, \u00een contextul furniz\u0103rii serviciilor solicitate, dac\u0103 acest lucru este \u00een interesul dumneavoastr\u0103 \u0219i este necesar;<\/li>\n<li>dezv\u0103luim date personale relevante clien\u021bilor care ne-au furnizat datele dumneavoastr\u0103 cu caracter personal, \u00een contextul furniz\u0103rii serviciilor solicitate, dac\u0103 acest lucru este necesar pentru \u00eendeplinirea acestor scopuri;<\/li>\n<\/ul>\n<p><strong>Durata prelucr\u0103rii<\/strong><\/p>\n<p>Inten\u021bion\u0103m s\u0103 p\u0103str\u0103m datele dumneavoastr\u0103 cu caracter personal pe durata contractului de asisten\u021b\u0103 juridic\u0103, precum \u0219i dup\u0103 \u00eencetarea contractului, \u00een conformitate cu politicile noastre interne \u0219i cu obliga\u021biile noastre legale.<\/p>\n<p>&nbsp;<\/p>\n<p>\u00cen cazul \u00een care datele nu sunt colectate \u00een contextul unui contract de asisten\u021b\u0103 juridic\u0103, aceste date vor fi p\u0103strate at\u00e2ta timp c\u00e2t este necesar pentru \u00eendeplinirea scopului prelucr\u0103rii datelor.<\/p>\n<p>&nbsp;<\/p>\n<p>Aceast\u0103 Politic\u0103 privind protec\u021bia datelor cu caracter personal intr\u0103 \u00een vigoare din 03\/08\/2022 \u0219i ne rezerv\u0103m dreptul de a actualiza con\u021binutul acesteia.<\/p>\n<p>&nbsp;<\/p>\n<p><strong>DREPTURILE DVS<\/strong><\/p>\n<p>\u00cen calitate de persoan\u0103 vizat\u0103, GDPR v\u0103 ofer\u0103 o serie de drepturi, cum ar fi:<\/p>\n<p><strong>Dreptul de acces<\/strong><\/p>\n<p>V\u0103 permite s\u0103 ob\u021bine\u021bi o confirmare a faptului c\u0103 datele dumneavoastr\u0103 cu caracter personal sunt sau nu prelucrate de noi \u0219i, dac\u0103 da, informa\u021bii relevante privind activit\u0103\u021bile de prelucrare a datelor.<\/p>\n<p><strong>Dreptul la rectificare<\/strong><\/p>\n<p>V\u0103 permite s\u0103 v\u0103 corecta\u021bi datele personale dac\u0103 sunt inexacte.<\/p>\n<p><strong>Dreptul la \u0219tergerea datelor<\/strong><\/p>\n<p>V\u0103 permite s\u0103 ob\u021bine\u021bi \u0219tergerea datelor dumneavoastr\u0103 cu caracter personal \u00een anumite cazuri (de exemplu, dac\u0103 datele nu mai sunt necesare pentru \u00eendeplinirea scopurilor pentru care au fost colectate).<\/p>\n<p>Not\u0103! Nu vom putea da curs solicit\u0103rii \u00een toate cazurile, precum situa\u021biile \u00een care legea ne oblig\u0103 s\u0103 p\u0103str\u0103m datele pentru o anumit\u0103 perioad\u0103 sau \u00een care datele ne sunt utile pentru un interes legitim precum ap\u0103rarea unui drept \u00een instan\u021b\u0103.<\/p>\n<p><strong>Dreptul la restric\u021bionarea prelucr\u0103rii<\/strong><\/p>\n<p>V\u0103 permite s\u0103 solicita\u021bi s\u0103 nu folosim datele dumneavoastr\u0103 cu caracter personal, ci doar s\u0103 le stoc\u0103m p\u00e2n\u0103 la solu\u021bionarea unei alte solicit\u0103ri din partea dumneavoastr\u0103, \u0219i anume:<\/p>\n<p>a\u021bi solicitat rectificarea datelor;<\/p>\n<ul>\n<li>v-a\u021bi opus \u0219tergerii datelor \u00een cazul prelucr\u0103rii ilegale;<\/li>\n<li>ne-a\u021bi solicitat s\u0103 v\u0103 oferim anumite date pentru ap\u0103rarea unui drept;<\/li>\n<li>v-a\u021bi opus prelucr\u0103rii datelor.<\/li>\n<\/ul>\n<p><strong>Dreptul la opozitie<\/strong><\/p>\n<p>V\u0103 permite s\u0103 v\u0103 opune\u021bi prelucr\u0103rii datelor dumneavoastr\u0103 cu caracter personal \u00een condi\u021biile \u0219i limitele prev\u0103zute de lege.<\/p>\n<p>Not\u0103! Legea ne oblig\u0103 s\u0103 respect\u0103m cererea doar pentru procesarea efectuat\u0103 \u00een scopuri de marketing direct (de exemplu, dac\u0103 primi\u021bi e-mailuri cu notele noastre informative ne pute\u021bi cere s\u0103 ne dezabon\u0103m). \u00cen alte cazuri, vom echilibra interesele noastre \u0219i situa\u021bia dumneavoastr\u0103 particular\u0103 pentru a lua o decizie final\u0103. Prin urmare, v\u0103 rug\u0103m s\u0103 ne explica\u021bi \u0219i de ce v\u0103 opune\u021bi proces\u0103rii atunci c\u00e2nd face\u021bi o astfel de solicitare.<\/p>\n<p><strong>Dreptul la portabilitatea datelor<\/strong><\/p>\n<p>V\u0103 permite s\u0103 primi\u021bi datele dumneavoastr\u0103 cu caracter personal pe care ni le-a\u021bi furnizat \u00eentr-un format structurat, utilizat \u00een mod obi\u0219nuit \u0219i care poate fi citit de computer sau s\u0103 transmite\u021bi aceste date unui alt operator de date.<\/p>\n<p>Not\u0103! Legea ne oblig\u0103 s\u0103 proces\u0103m cererea doar pentru datele prelucrate anterior \u00een baza consim\u021b\u0103m\u00e2ntului dumneavoastr\u0103 sau pentru \u00eendeplinirea contractului \u00eencheiat cu noi \u0219i numai dac\u0103 datele sunt prelucrate prin mijloace automate.<\/p>\n<p>Pentru exercitarea drepturilor men\u021bionate mai sus \u0219i pentru a ob\u021bine mai multe informa\u021bii cu privire la aceste drepturi, v\u0103 rug\u0103m s\u0103 transmite\u021bi o solicitare scris\u0103 aten\u021biei noastre, \u00een calitate de operator de date, la adresa Bulevardul Carol I nr. 37, Sector 2, Bucuresti 020192, Romania sau contactati-ne prin e-mail la privacy@legality.ro\/ro.<\/p>\n<p>De asemenea, ave\u021bi dreptul de a depune o pl\u00e2ngere la Autoritatea Na\u021bional\u0103 de Supraveghere a Prelucr\u0103rii Datelor cu Caracter Personal, situat\u0103 la adresa B-dul G-ral. Gheorghe Magheru 28-30, sector 1, Bucuresti, 010336, Romania.<\/p>\n<p>Ne angaj\u0103m s\u0103 acord\u0103m cea mai mare aten\u021bie solicit\u0103rilor dumneavoastr\u0103 \u0219i s\u0103 r\u0103spundem la orice \u00eentreb\u0103ri pe care le pute\u021bi avea c\u00e2t mai cur\u00e2nd posibil.<\/p>\n<blockquote><\/blockquote>[\/et_pb_text][\/et_pb_column][\/et_pb_row][\/et_pb_section]\n","protected":false},"excerpt":{"rendered":"","protected":false},"author":1,"featured_media":0,"parent":0,"menu_order":0,"comment_status":"closed","ping_status":"closed","template":"","meta":{"site-sidebar-layout":"default","site-content-layout":"","ast-site-content-layout":"default","site-content-style":"default","site-sidebar-style":"default","ast-global-header-display":"","ast-banner-title-visibility":"","ast-main-header-display":"","ast-hfb-above-header-display":"","ast-hfb-below-header-display":"","ast-hfb-mobile-header-display":"","site-post-title":"","ast-breadcrumbs-content":"","ast-featured-img":"","footer-sml-layout":"","ast-disable-related-posts":"","theme-transparent-header-meta":"","adv-header-id-meta":"","stick-header-meta":"","header-above-stick-meta":"","header-main-stick-meta":"","header-below-stick-meta":"","astra-migrate-meta-layouts":"default","ast-page-background-enabled":"default","ast-page-background-meta":{"desktop":{"background-color":"var(--ast-global-color-4)","background-image":"","background-repeat":"repeat","background-position":"center center","background-size":"auto","background-attachment":"scroll","background-type":"","background-media":"","overlay-type":"","overlay-color":"","overlay-opacity":"","overlay-gradient":""},"tablet":{"background-color":"","background-image":"","background-repeat":"repeat","background-position":"center center","background-size":"auto","background-attachment":"scroll","background-type":"","background-media":"","overlay-type":"","overlay-color":"","overlay-opacity":"","overlay-gradient":""},"mobile":{"background-color":"","background-image":"","background-repeat":"repeat","background-position":"center center","background-size":"auto","background-attachment":"scroll","background-type":"","background-media":"","overlay-type":"","overlay-color":"","overlay-opacity":"","overlay-gradient":""}},"ast-content-background-meta":{"desktop":{"background-color":"var(--ast-global-color-5)","background-image":"","background-repeat":"repeat","background-position":"center center","background-size":"auto","background-attachment":"scroll","background-type":"","background-media":"","overlay-type":"","overlay-color":"","overlay-opacity":"","overlay-gradient":""},"tablet":{"background-color":"var(--ast-global-color-5)","background-image":"","background-repeat":"repeat","background-position":"center center","background-size":"auto","background-attachment":"scroll","background-type":"","background-media":"","overlay-type":"","overlay-color":"","overlay-opacity":"","overlay-gradient":""},"mobile":{"background-color":"var(--ast-global-color-5)","background-image":"","background-repeat":"repeat","background-position":"center center","background-size":"auto","background-attachment":"scroll","background-type":"","background-media":"","overlay-type":"","overlay-color":"","overlay-opacity":"","overlay-gradient":""}},"footnotes":""},"class_list":["post-3","page","type-page","status-publish","hentry"],"_links":{"self":[{"href":"https:\/\/legality.ro\/ro\/wp-json\/wp\/v2\/pages\/3","targetHints":{"allow":["GET"]}}],"collection":[{"href":"https:\/\/legality.ro\/ro\/wp-json\/wp\/v2\/pages"}],"about":[{"href":"https:\/\/legality.ro\/ro\/wp-json\/wp\/v2\/types\/page"}],"author":[{"embeddable":true,"href":"https:\/\/legality.ro\/ro\/wp-json\/wp\/v2\/users\/1"}],"replies":[{"embeddable":true,"href":"https:\/\/legality.ro\/ro\/wp-json\/wp\/v2\/comments?post=3"}],"version-history":[{"count":0,"href":"https:\/\/legality.ro\/ro\/wp-json\/wp\/v2\/pages\/3\/revisions"}],"wp:attachment":[{"href":"https:\/\/legality.ro\/ro\/wp-json\/wp\/v2\/media?parent=3"}],"curies":[{"name":"wp","href":"https:\/\/api.w.org\/{rel}","templated":true}]}}